{"id":172,"date":"2019-09-12T12:31:54","date_gmt":"2019-09-12T12:31:54","guid":{"rendered":"https:\/\/bistecca-grillroom.de\/?page_id=172"},"modified":"2025-02-05T19:39:41","modified_gmt":"2025-02-05T18:39:41","slug":"reservieren","status":"publish","type":"page","link":"https:\/\/bistecca-grillroom.de\/index.php\/reservieren\/","title":{"rendered":"Reservieren"},"content":{"rendered":"<p>&lt;p&gt;<div id='full_slider_1'  class='avia-fullwidth-slider main_color avia-shadow   avia-builder-el-0  el_before_av_one_half  avia-builder-el-first   container_wrap sidebar_right'  ><div  class='avia-slideshow av-k0go7x6o-8dde2175846c28dc5876366f6123f63e avia-slideshow-no scaling av_slideshow_full avia-slide-slider av-slideshow-ui av-control-default av-slideshow-manual av-loop-once av-loop-manual-endless av-default-height-applied   avia-slideshow-1' data-slideshow-options=\"{&quot;animation&quot;:&quot;slide&quot;,&quot;autoplay&quot;:false,&quot;loop_autoplay&quot;:&quot;once&quot;,&quot;interval&quot;:5,&quot;loop_manual&quot;:&quot;manual-endless&quot;,&quot;autoplay_stopper&quot;:false,&quot;noNavigation&quot;:false,&quot;bg_slider&quot;:false,&quot;keep_padding&quot;:false,&quot;hoverpause&quot;:false,&quot;show_slide_delay&quot;:0}\"  itemprop=\"image\" itemscope=\"itemscope\" itemtype=\"https:\/\/schema.org\/ImageObject\" ><ul class='avia-slideshow-inner ' style='padding-bottom: 27.24%;'><li  class='avia-slideshow-slide av-k0go7x6o-8dde2175846c28dc5876366f6123f63e__0  av-single-slide slide-1 slide-odd'><div data-rel='slideshow-1' class='avia-slide-wrap '   ><img fetchpriority=\"high\" class=\"wp-image-16 avia-img-lazy-loading-not-16\"  src='https:\/\/bistecca-grillroom.de\/wp-content\/uploads\/2018\/06\/h02.jpg' width='2500' height='681' title='h02' alt=''  itemprop=\"thumbnailUrl\"   \/><\/div><\/li><\/ul><\/div><\/div><div id='after_full_slider_1'  class='main_color av_default_container_wrap container_wrap sidebar_right'  ><div class='container av-section-cont-open' ><div class='template-page content  av-content-small alpha units'><div class='post-entry post-entry-type-page post-entry-172'><div class='entry-content-wrapper clearfix'>\n<style type=\"text\/css\" data-created_by=\"avia_inline_auto\" id=\"style-css-av-av_heading-6e7a2c5164c9457ab98f95895303e203\">\n#top .av-special-heading.av-av_heading-6e7a2c5164c9457ab98f95895303e203{\nmargin:0 0 0 0;\npadding-bottom:10px;\n}\nbody .av-special-heading.av-av_heading-6e7a2c5164c9457ab98f95895303e203 .av-special-heading-tag .heading-char{\nfont-size:25px;\n}\n.av-special-heading.av-av_heading-6e7a2c5164c9457ab98f95895303e203 .av-subheading{\nfont-size:15px;\n}\n<\/style>\n<div  class='av-special-heading av-av_heading-6e7a2c5164c9457ab98f95895303e203 av-special-heading-h3'><h3 class='av-special-heading-tag '  itemprop=\"headline\"  >Eine nette \u00dcberschrift<\/h3><div class=\"special-heading-border\"><div class=\"special-heading-inner-border\"><\/div><\/div><\/div>\n<style type=\"text\/css\" data-created_by=\"avia_inline_auto\" id=\"style-css-av-d02fw-a7a75e9b079a47a903a739a052833e8f\">\n.flex_column.av-d02fw-a7a75e9b079a47a903a739a052833e8f{\nborder-radius:0px 0px 0px 0px;\npadding:0px 0px 0px 0px;\n}\n<\/style>\n<div  class='flex_column av-d02fw-a7a75e9b079a47a903a739a052833e8f av_one_half  avia-builder-el-1  el_after_av_slideshow_full  el_before_av_one_half  avia-builder-el-first  first flex_column_div av-zero-column-padding  '     ><p>&lt;br \/&gt;<section  class='av_textblock_section av-k0go9kif-5a66a21b427397ef44d92f7752fbea6e '   itemscope=\"itemscope\" itemtype=\"https:\/\/schema.org\/CreativeWork\" ><div class='avia_textblock'  itemprop=\"text\" ><p>&lt;br \/&gt;&lt;b&gt;Tischreservierung: &lt;\/b&gt;&lt;a href=&#8220;bisteccagrillroom@gmail.com&#8220; data-mce-href=&#8220;bisteccagrillroom@gmail.com&#8220;&gt;bisteccagrillroom@gmail.com&lt;\/a&gt;&lt;br \/&gt;Telefonisch unter:&nbsp;&lt;b&gt;Tel&lt;\/b&gt;. +49 201-74716931&nbsp;&nbsp;&nbsp;&lt;b&gt; Fax&lt;\/b&gt; +49 201-615 99 48Sie finden uns hier: R\u00fcttenscheider Str. 2, 45128 Essen&lt;b&gt;ACHTUNG:&nbsp;&lt;\/b&gt;Reservierungen per E-Mail werden nur von Mo-Fr&nbsp;8:00 &#8211; 15:30 Uhr ber\u00fccksichtigt.&lt;br \/&gt;BITTE&nbsp;VORLAUFZEIT VON 24h,&nbsp;damit wir Ihre Reservierung ber\u00fccksichtigen k\u00f6nnen.&lt;br \/&gt;<\/p>\n<\/div><\/section><section  class='av_textblock_section av-k0go9veb-81e8ce563972abd3e00dc30bfb857738 '   itemscope=\"itemscope\" itemtype=\"https:\/\/schema.org\/CreativeWork\" ><div class='avia_textblock'  itemprop=\"text\" ><p>&lt;br \/&gt;&lt;b&gt;Unsere \u00d6ffnungszeiten: &lt;\/b&gt;&lt;br \/&gt;Montag bis Freitag &nbsp; &nbsp; &nbsp; &nbsp; &nbsp; 18.00 Uhr bis 23.00 UhrSamstags &nbsp; &nbsp; &nbsp; &nbsp; &nbsp; &nbsp; &nbsp; &nbsp; &nbsp; &nbsp; &nbsp; &nbsp; &nbsp; 18.00 Uhr bis 23.00 Uhr &nbsp;&nbsp; Sonntag Ruhetag&lt;br \/&gt;<\/p>\n<\/div><\/section>&lt;br \/&gt;<\/p><\/div>\n<style type=\"text\/css\" data-created_by=\"avia_inline_auto\" id=\"style-css-av-8f5po-996e012a87721aec7e1d050a9c43fe52\">\n.flex_column.av-8f5po-996e012a87721aec7e1d050a9c43fe52{\nborder-radius:0px 0px 0px 0px;\npadding:0px 0px 0px 0px;\n}\n<\/style>\n<div  class='flex_column av-8f5po-996e012a87721aec7e1d050a9c43fe52 av_one_half  avia-builder-el-4  el_after_av_one_half  avia-builder-el-last  flex_column_div av-zero-column-padding  '     ><p><section  class='av_textblock_section av-k0go9c6h-7075654bfd1b291a1196551de8d90cb6 '   itemscope=\"itemscope\" itemtype=\"https:\/\/schema.org\/CreativeWork\" ><div class='avia_textblock'  itemprop=\"text\" ><p>&lt;br \/&gt;&lt;strong&gt;Wichtig:&lt;\/strong&gt;Eine Best\u00e4tigung Ihrer Reservierung, erhalten Sie nur bei einer Reservierung \u00fcber unseren Partner RESMIO. Bei einer Reservierung per eMail oder Telefon, k\u00f6nnen wir keine automatische Best\u00e4tigung versenden. Vielen Dank f\u00fcr Ihr Verst\u00e4ndnis.&lt;br \/&gt;<\/p>\n<\/div><\/section><\/p><\/div>&lt;\/p&gt;<\/p>\n","protected":false},"excerpt":{"rendered":"<p>&lt;p&gt;&lt;\/p&gt;<\/p>\n","protected":false},"author":3,"featured_media":0,"parent":0,"menu_order":0,"comment_status":"closed","ping_status":"closed","template":"","meta":{"footnotes":""},"class_list":["post-172","page","type-page","status-publish","hentry"],"_links":{"self":[{"href":"https:\/\/bistecca-grillroom.de\/index.php\/wp-json\/wp\/v2\/pages\/172","targetHints":{"allow":["GET"]}}],"collection":[{"href":"https:\/\/bistecca-grillroom.de\/index.php\/wp-json\/wp\/v2\/pages"}],"about":[{"href":"https:\/\/bistecca-grillroom.de\/index.php\/wp-json\/wp\/v2\/types\/page"}],"author":[{"embeddable":true,"href":"https:\/\/bistecca-grillroom.de\/index.php\/wp-json\/wp\/v2\/users\/3"}],"replies":[{"embeddable":true,"href":"https:\/\/bistecca-grillroom.de\/index.php\/wp-json\/wp\/v2\/comments?post=172"}],"version-history":[{"count":5,"href":"https:\/\/bistecca-grillroom.de\/index.php\/wp-json\/wp\/v2\/pages\/172\/revisions"}],"predecessor-version":[{"id":232,"href":"https:\/\/bistecca-grillroom.de\/index.php\/wp-json\/wp\/v2\/pages\/172\/revisions\/232"}],"wp:attachment":[{"href":"https:\/\/bistecca-grillroom.de\/index.php\/wp-json\/wp\/v2\/media?parent=172"}],"curies":[{"name":"wp","href":"https:\/\/api.w.org\/{rel}","templated":true}]}}